{"id":149,"date":"2020-02-23T20:14:01","date_gmt":"2020-02-23T19:14:01","guid":{"rendered":"https:\/\/adsl.lelibrepenseur.org\/?page_id=149"},"modified":"2020-02-23T20:24:47","modified_gmt":"2020-02-23T19:24:47","slug":"adherer-2","status":"publish","type":"page","link":"https:\/\/adsl.lelibrepenseur.org\/?page_id=149","title":{"rendered":"Adh\u00e9rer"},"content":{"rendered":"\n<p>Pour adh\u00e9rer \u00e0 l&rsquo;ADSL, il vous suffit de remplir et nous renvoyer le <a href=\"https:\/\/adsl.lelibrepenseur.org\/wp-content\/uploads\/2020\/01\/Bulletin-Adhesion-ADSL.pdf\" target=\"_blank\" rel=\"noreferrer noopener\" aria-label=\" (s\u2019ouvre dans un nouvel onglet)\">bulletin d&rsquo;inscription<\/a> ci-dessous \u00e0 l&rsquo;adresse suivante : <strong>ADSL &#8211; 4 traverse Rey, 13016 Marseille.<\/strong><\/p>\n\n\n\n<hr class=\"wp-block-separator\"\/>\n\n\n\n<div class=\"wp-block-image\"><figure class=\"aligncenter size-large is-resized\"><a href=\"https:\/\/adsl.lelibrepenseur.org\/wp-content\/uploads\/2020\/01\/Bulletin-Adhesion-ADSL.pdf\" target=\"_blank\" rel=\"noreferrer noopener\"><img loading=\"lazy\" decoding=\"async\" src=\"https:\/\/adsl.lelibrepenseur.org\/wp-content\/uploads\/2020\/01\/Bulletin-Adh\u00e9sion-ADSL.jpg\" alt=\"\" class=\"wp-image-13\" width=\"287\" height=\"406\" srcset=\"https:\/\/adsl.lelibrepenseur.org\/wp-content\/uploads\/2020\/01\/Bulletin-Adh\u00e9sion-ADSL.jpg 303w, https:\/\/adsl.lelibrepenseur.org\/wp-content\/uploads\/2020\/01\/Bulletin-Adh\u00e9sion-ADSL-212x300.jpg 212w\" sizes=\"auto, (max-width: 287px) 100vw, 287px\" \/><\/a><\/figure><\/div>\n","protected":false},"excerpt":{"rendered":"<p>Pour adh\u00e9rer \u00e0 l&rsquo;ADSL, il vous suffit de remplir et nous renvoyer le bulletin d&rsquo;inscription ci-dessous \u00e0 l&rsquo;adresse suivante : ADSL &#8211; 4 traverse Rey, 13016 Marseille.<\/p>\n","protected":false},"author":2,"featured_media":0,"parent":0,"menu_order":0,"comment_status":"open","ping_status":"closed","template":"","meta":{"footnotes":""},"class_list":["post-149","page","type-page","status-publish","hentry"],"_links":{"self":[{"href":"https:\/\/adsl.lelibrepenseur.org\/index.php?rest_route=\/wp\/v2\/pages\/149","targetHints":{"allow":["GET"]}}],"collection":[{"href":"https:\/\/adsl.lelibrepenseur.org\/index.php?rest_route=\/wp\/v2\/pages"}],"about":[{"href":"https:\/\/adsl.lelibrepenseur.org\/index.php?rest_route=\/wp\/v2\/types\/page"}],"author":[{"embeddable":true,"href":"https:\/\/adsl.lelibrepenseur.org\/index.php?rest_route=\/wp\/v2\/users\/2"}],"replies":[{"embeddable":true,"href":"https:\/\/adsl.lelibrepenseur.org\/index.php?rest_route=%2Fwp%2Fv2%2Fcomments&post=149"}],"version-history":[{"count":7,"href":"https:\/\/adsl.lelibrepenseur.org\/index.php?rest_route=\/wp\/v2\/pages\/149\/revisions"}],"predecessor-version":[{"id":164,"href":"https:\/\/adsl.lelibrepenseur.org\/index.php?rest_route=\/wp\/v2\/pages\/149\/revisions\/164"}],"wp:attachment":[{"href":"https:\/\/adsl.lelibrepenseur.org\/index.php?rest_route=%2Fwp%2Fv2%2Fmedia&parent=149"}],"curies":[{"name":"wp","href":"https:\/\/api.w.org\/{rel}","templated":true}]}}